{"id":96,"date":"2025-07-08T16:53:23","date_gmt":"2025-07-08T16:53:23","guid":{"rendered":"http:\/\/www.uusi.palkes.fi\/?page_id=96"},"modified":"2025-11-03T16:23:37","modified_gmt":"2025-11-03T16:23:37","slug":"palkes-oppaat-ja-yritys","status":"publish","type":"page","link":"https:\/\/palkes.fi\/uusi\/palkes-oppaat-ja-yritys\/","title":{"rendered":"Palkes &#8211; oppaat ja yritys"},"content":{"rendered":"\t\t<div data-elementor-type=\"wp-page\" data-elementor-id=\"96\" class=\"elementor elementor-96\" data-elementor-post-type=\"page\">\n\t\t\t\t<div class=\"elementor-element elementor-element-ca39bf4 e-con-full e-flex e-con e-parent\" data-id=\"ca39bf4\" data-element_type=\"container\" data-e-type=\"container\" data-settings=\"{&quot;background_background&quot;:&quot;classic&quot;}\">\n\t\t\t\t<\/div>\n\t\t<div class=\"elementor-element elementor-element-355e7af e-flex e-con-boxed e-con e-parent\" data-id=\"355e7af\" data-element_type=\"container\" data-e-type=\"container\">\n\t\t\t\t\t<div class=\"e-con-inner\">\n\t\t\t\t<div class=\"elementor-element elementor-element-69a00ec elementor-widget elementor-widget-heading\" data-id=\"69a00ec\" data-element_type=\"widget\" data-e-type=\"widget\" data-widget_type=\"heading.default\">\n\t\t\t\t<div class=\"elementor-widget-container\">\n\t\t\t\t\t<h1 class=\"elementor-heading-title elementor-size-default\">PALKES - PERHOKALASTUSOPASTUSTA<\/h1>\t\t\t\t<\/div>\n\t\t\t\t<\/div>\n\t\t\t\t<div class=\"elementor-element elementor-element-f2fb069 elementor-widget elementor-widget-text-editor\" data-id=\"f2fb069\" data-element_type=\"widget\" data-e-type=\"widget\" data-widget_type=\"text-editor.default\">\n\t\t\t\t<div class=\"elementor-widget-container\">\n\t\t\t\t\t\t\t\t\t<p data-start=\"297\" data-end=\"560\">Yrityksemme nimi Palkes juontaa juurensa saamenkielisest\u00e4 sanasta <em data-start=\"367\" data-end=\"376\">p\u00e4\u00e4lgis<\/em>, joka tarkoittaa polkua. Nimi kiteytt\u00e4\u00e4 ydinajatuksemme: haluamme kulkea asiakkaan rinnalla perhokalastuksen polulla, tarjoten el\u00e4myksi\u00e4, oppia ja hyvinvointia.<\/p><p data-start=\"562\" data-end=\"859\">Palkes perustettiin vuonna 2014, mutta juuremme ulottuvat paljon syvemm\u00e4lle. Meille kalastus ei ole pelkk\u00e4 harrastus tai ty\u00f6 \u2013 se on el\u00e4m\u00e4ntapa, joka yhdist\u00e4\u00e4 meid\u00e4t luontoon ja toisiimme. Haluamme jakaa t\u00e4m\u00e4n intohimon oppaidemme kautta niin ensikertalaisille kuin kokeneille kalastajillekin.<\/p>\t\t\t\t\t\t\t\t<\/div>\n\t\t\t\t<\/div>\n\t\t\t\t\t<\/div>\n\t\t\t\t<\/div>\n\t\t<div class=\"elementor-element elementor-element-0b34125 e-flex e-con-boxed e-con e-parent\" data-id=\"0b34125\" data-element_type=\"container\" data-e-type=\"container\" data-settings=\"{&quot;background_background&quot;:&quot;classic&quot;}\">\n\t\t\t\t\t<div class=\"e-con-inner\">\n\t\t<div class=\"elementor-element elementor-element-921a7db e-con-full e-flex e-con e-child\" data-id=\"921a7db\" data-element_type=\"container\" data-e-type=\"container\">\n\t\t\t\t<div class=\"elementor-element elementor-element-1205e80 elementor-invisible elementor-widget elementor-widget-image\" data-id=\"1205e80\" data-element_type=\"widget\" data-e-type=\"widget\" data-settings=\"{&quot;_animation&quot;:&quot;fadeIn&quot;,&quot;_animation_delay&quot;:600}\" data-widget_type=\"image.default\">\n\t\t\t\t<div class=\"elementor-widget-container\">\n\t\t\t\t\t\t\t\t\t\t\t\t\t\t\t<img fetchpriority=\"high\" decoding=\"async\" width=\"768\" height=\"768\" src=\"https:\/\/palkes.fi\/uusi\/wp-content\/uploads\/2025\/06\/Palkes-oppaat-Kanerva-Petri-1-scaled-e1760168253362-768x768.webp\" class=\"attachment-medium_large size-medium_large wp-image-130\" alt=\"\" srcset=\"https:\/\/palkes.fi\/uusi\/wp-content\/uploads\/2025\/06\/Palkes-oppaat-Kanerva-Petri-1-scaled-e1760168253362-768x768.webp 768w, https:\/\/palkes.fi\/uusi\/wp-content\/uploads\/2025\/06\/Palkes-oppaat-Kanerva-Petri-1-scaled-e1760168253362-300x300.webp 300w, https:\/\/palkes.fi\/uusi\/wp-content\/uploads\/2025\/06\/Palkes-oppaat-Kanerva-Petri-1-scaled-e1760168253362-150x150.webp 150w, https:\/\/palkes.fi\/uusi\/wp-content\/uploads\/2025\/06\/Palkes-oppaat-Kanerva-Petri-1-scaled-e1760168253362-12x12.webp 12w, https:\/\/palkes.fi\/uusi\/wp-content\/uploads\/2025\/06\/elementor\/thumbs\/Palkes-oppaat-Kanerva-Petri-1-scaled-e1760168253362-rd1gok1jhqbv9fi2y6yrt2mzld6rawlxfqveo0dqz4.webp 200w, https:\/\/palkes.fi\/uusi\/wp-content\/uploads\/2025\/06\/Palkes-oppaat-Kanerva-Petri-1-scaled-e1760168253362.webp 1000w\" sizes=\"(max-width: 768px) 100vw, 768px\" \/>\t\t\t\t\t\t\t\t\t\t\t\t\t\t\t<\/div>\n\t\t\t\t<\/div>\n\t\t\t\t<div class=\"elementor-element elementor-element-fe6d9f1 elementor-invisible elementor-widget elementor-widget-image\" data-id=\"fe6d9f1\" data-element_type=\"widget\" data-e-type=\"widget\" data-settings=\"{&quot;_animation&quot;:&quot;fadeIn&quot;,&quot;_animation_delay&quot;:600}\" data-widget_type=\"image.default\">\n\t\t\t\t<div class=\"elementor-widget-container\">\n\t\t\t\t\t\t\t\t\t\t\t\t\t\t\t<img decoding=\"async\" width=\"768\" height=\"768\" src=\"https:\/\/palkes.fi\/uusi\/wp-content\/uploads\/2025\/06\/taimen-petri-leonperhokalastus-palkes-1-768x768.webp\" class=\"attachment-medium_large size-medium_large wp-image-163\" alt=\"\" srcset=\"https:\/\/palkes.fi\/uusi\/wp-content\/uploads\/2025\/06\/taimen-petri-leonperhokalastus-palkes-1-768x768.webp 768w, https:\/\/palkes.fi\/uusi\/wp-content\/uploads\/2025\/06\/taimen-petri-leonperhokalastus-palkes-1-300x300.webp 300w, https:\/\/palkes.fi\/uusi\/wp-content\/uploads\/2025\/06\/taimen-petri-leonperhokalastus-palkes-1-1024x1024.webp 1024w, https:\/\/palkes.fi\/uusi\/wp-content\/uploads\/2025\/06\/taimen-petri-leonperhokalastus-palkes-1-150x150.webp 150w, https:\/\/palkes.fi\/uusi\/wp-content\/uploads\/2025\/06\/taimen-petri-leonperhokalastus-palkes-1.webp 1366w\" sizes=\"(max-width: 768px) 100vw, 768px\" \/>\t\t\t\t\t\t\t\t\t\t\t\t\t\t\t<\/div>\n\t\t\t\t<\/div>\n\t\t\t\t<\/div>\n\t\t<div class=\"elementor-element elementor-element-5eadd53 e-con-full e-flex e-con e-child\" data-id=\"5eadd53\" data-element_type=\"container\" data-e-type=\"container\">\n\t\t\t\t<div class=\"elementor-element elementor-element-998c405 elementor-widget elementor-widget-heading\" data-id=\"998c405\" data-element_type=\"widget\" data-e-type=\"widget\" data-widget_type=\"heading.default\">\n\t\t\t\t<div class=\"elementor-widget-container\">\n\t\t\t\t\t<h2 class=\"elementor-heading-title elementor-size-default\">Keit\u00e4 olemme<\/h2>\t\t\t\t<\/div>\n\t\t\t\t<\/div>\n\t\t\t\t<div class=\"elementor-element elementor-element-d6bfc29 elementor-widget-mobile__width-inherit elementor-widget elementor-widget-text-editor\" data-id=\"d6bfc29\" data-element_type=\"widget\" data-e-type=\"widget\" data-widget_type=\"text-editor.default\">\n\t\t\t\t<div class=\"elementor-widget-container\">\n\t\t\t\t\t\t\t\t\t<p data-start=\"517\" data-end=\"589\">Palkesin takaa l\u00f6yd\u00e4t meid\u00e4t \u2013 Kanerva Kilpel\u00e4n ja Petri Virolaisen.<\/p><p data-start=\"591\" data-end=\"806\">Olemme aktiivisia kilpaperhokalastajia ja intohimoisia luonnossa liikkujia. Vuosien varrella olemme ker\u00e4nneet lukuisia kansallisia mitaleita ja valtava kokemuksen erilaisten kalastuskohteiden \u00e4\u00e4rell\u00e4.<\/p><p data-start=\"808\" data-end=\"949\">Kilpailemisen lis\u00e4ksi kehitymme jatkuvasti \u2013 p\u00e4ivit\u00e4mme omaa osaamistamme vuosittain ulkomailla kansainv\u00e4listen huippukalastajien opissa<\/p><p data-start=\"890\" data-end=\"1267\">Petri on kokenut perhokalastaja, joka aloitti harrastuksensa 1970-luvun alussa ja perusti ensimm\u00e4isen kalastusopastusyrityksens\u00e4 jo vuonna 2001. H\u00e4n on kilpaillut vuosikymmeni\u00e4 niin kotimaassa kuin Suomen maajoukkueessa ulkomailla \u2013 parhaimpina saavutuksina MM-joukkuepronssi sek\u00e4 lukuisia mitaleita SM-tasolta.<\/p><p data-start=\"1269\" data-end=\"1474\">Kanerva puolestaan aloitti perhokalastuksen Petrin ohjauksessa vuonna 2012, ja nousi nopeasti aktiiviseksi ja taitavaksi perhokalastajaksi. Palkintokaapista Kanervalta l\u00f6ytyy useita SM-mitaleita ja my\u00f6s h\u00e4n on edustanut Suomea useita kertoja perhokalastuksen EM- ja MM-kilpailuissa.<\/p><p data-start=\"1476\" data-end=\"1678\">Kalastamme vuosittain 130\u2013180 p\u00e4iv\u00e4\u00e4, niin Suomessa kuin ulkomailla \u2013 miss\u00e4 ikin\u00e4 kirkasvetiset joet ja haastavat kalat kutsuvat. Meit\u00e4 yhdist\u00e4\u00e4 rakkaus veteen, virtaan ja taitoon \u2013 sek\u00e4 halu kehitt\u00e4\u00e4 itse\u00e4mme jatkuvasti.<\/p>\t\t\t\t\t\t\t\t<\/div>\n\t\t\t\t<\/div>\n\t\t\t\t<div class=\"elementor-element elementor-element-a6653e9 elementor-align-center elementor-widget elementor-widget-button\" data-id=\"a6653e9\" data-element_type=\"widget\" data-e-type=\"widget\" data-widget_type=\"button.default\">\n\t\t\t\t<div class=\"elementor-widget-container\">\n\t\t\t\t\t\t\t\t\t<div class=\"elementor-button-wrapper\">\n\t\t\t\t\t<a class=\"elementor-button elementor-button-link elementor-size-sm\" href=\"#elementor-action%3Aaction%3Dpopup%3Aopen%26settings%3DeyJpZCI6IjQxNyIsInRvZ2dsZSI6ZmFsc2V9\">\n\t\t\t\t\t\t<span class=\"elementor-button-content-wrapper\">\n\t\t\t\t\t\t\t\t\t<span class=\"elementor-button-text\">ota yhteytt\u00e4<\/span>\n\t\t\t\t\t<\/span>\n\t\t\t\t\t<\/a>\n\t\t\t\t<\/div>\n\t\t\t\t\t\t\t\t<\/div>\n\t\t\t\t<\/div>\n\t\t\t\t<\/div>\n\t\t\t\t\t<\/div>\n\t\t\t\t<\/div>\n\t\t<div class=\"elementor-element elementor-element-82775d8 e-flex e-con-boxed e-con e-parent\" data-id=\"82775d8\" data-element_type=\"container\" data-e-type=\"container\">\n\t\t\t\t\t<div class=\"e-con-inner\">\n\t\t\t\t<div class=\"elementor-element elementor-element-16a5a4f elementor-widget elementor-widget-heading\" data-id=\"16a5a4f\" data-element_type=\"widget\" data-e-type=\"widget\" data-widget_type=\"heading.default\">\n\t\t\t\t<div class=\"elementor-widget-container\">\n\t\t\t\t\t<h2 class=\"elementor-heading-title elementor-size-default\">Opastuksen laatu ja osaaminen<\/h2>\t\t\t\t<\/div>\n\t\t\t\t<\/div>\n\t\t\t\t<div class=\"elementor-element elementor-element-40ae5e2 elementor-widget-mobile__width-inherit elementor-widget elementor-widget-text-editor\" data-id=\"40ae5e2\" data-element_type=\"widget\" data-e-type=\"widget\" data-widget_type=\"text-editor.default\">\n\t\t\t\t<div class=\"elementor-widget-container\">\n\t\t\t\t\t\t\t\t\t<p data-start=\"994\" data-end=\"1233\"><span style=\"font-family: var( --e-global-typography-text-font-family ), Sans-serif; font-size: var( --e-global-typography-text-font-size ); text-align: var(--text-align);\">Perhokalastusosaamisen lis\u00e4ksi meill\u00e4 on monipuolinen koulutustausta, joka yhdist\u00e4\u00e4 er\u00e4opastuksen, opettajuuden ja pedagogiikan. T\u00e4m\u00e4 antaa meille vahvan kyvyn opettaa, ohjata ja innostaa kaikenik\u00e4isi\u00e4 ja -tasoisia perhokalastajia.<\/span><\/p><p data-start=\"2028\" data-end=\"2242\">Opastuksemme pohjaa vankkaan kokemukseen, mutta my\u00f6s jatkuvaan uuden oppimiseen: seuraamme ja harjoittelemme aktiivisesti uusimpia tekniikoita niin joki- kuin j\u00e4rvikalastuksessa, ja sovellamme niit\u00e4 opetuksessa.<\/p><p data-start=\"2244\" data-end=\"2398\">Olitpa sitten aloitteleva vavanheiluttelija tai kokenut koskienk\u00e4vij\u00e4, takaamme, ett\u00e4 l\u00e4hdet kanssamme kotiin uuden taidon tai oivalluksen kanssa.<\/p>\t\t\t\t\t\t\t\t<\/div>\n\t\t\t\t<\/div>\n\t\t\t\t<div class=\"elementor-element elementor-element-be333e8 elementor-align-center elementor-widget elementor-widget-button\" data-id=\"be333e8\" data-element_type=\"widget\" data-e-type=\"widget\" data-widget_type=\"button.default\">\n\t\t\t\t<div class=\"elementor-widget-container\">\n\t\t\t\t\t\t\t\t\t<div class=\"elementor-button-wrapper\">\n\t\t\t\t\t<a class=\"elementor-button elementor-button-link elementor-size-sm\" href=\"\/asiakaspalaute\/\">\n\t\t\t\t\t\t<span class=\"elementor-button-content-wrapper\">\n\t\t\t\t\t\t\t\t\t<span class=\"elementor-button-text\">Lue t\u00e4\u00e4lt\u00e4 asiakaspalautetta<\/span>\n\t\t\t\t\t<\/span>\n\t\t\t\t\t<\/a>\n\t\t\t\t<\/div>\n\t\t\t\t\t\t\t\t<\/div>\n\t\t\t\t<\/div>\n\t\t\t\t\t<\/div>\n\t\t\t\t<\/div>\n\t\t<div class=\"elementor-element elementor-element-a1b8352 e-flex e-con-boxed e-con e-parent\" data-id=\"a1b8352\" data-element_type=\"container\" data-e-type=\"container\">\n\t\t\t\t\t<div class=\"e-con-inner\">\n\t\t\t\t<div class=\"elementor-element elementor-element-6a77c26 elementor-widget elementor-widget-template\" data-id=\"6a77c26\" data-element_type=\"widget\" data-e-type=\"widget\" data-widget_type=\"template.default\">\n\t\t\t\t<div class=\"elementor-widget-container\">\n\t\t\t\t\t\t\t<div class=\"elementor-template\">\n\t\t\t\t\t<div data-elementor-type=\"container\" data-elementor-id=\"445\" class=\"elementor elementor-445\" data-elementor-post-type=\"elementor_library\">\n\t\t\t\t<div class=\"elementor-element elementor-element-4f5d1103 e-con-full e-flex e-con e-parent\" data-id=\"4f5d1103\" data-element_type=\"container\" data-e-type=\"container\">\n\t\t<div class=\"elementor-element elementor-element-fdd45a3 e-con-full e-flex e-con e-child\" data-id=\"fdd45a3\" data-element_type=\"container\" data-e-type=\"container\">\n\t\t\t\t<div class=\"elementor-element elementor-element-7bd715f1 elementor-widget__width-initial elementor-widget elementor-widget-image\" data-id=\"7bd715f1\" data-element_type=\"widget\" data-e-type=\"widget\" data-widget_type=\"image.default\">\n\t\t\t\t<div class=\"elementor-widget-container\">\n\t\t\t\t\t\t\t\t\t\t\t\t\t\t\t<img decoding=\"async\" src=\"https:\/\/palkes.fi\/uusi\/wp-content\/uploads\/elementor\/thumbs\/anatti-perhokalastus-palkes-1-e1760165212876-rd1eh5mdeefc58zu0a9gsosm5yr6r3lwqjl0eyl6m0.webp\" title=\"anatti-perhokalastus-palkes-1\" alt=\"anatti-perhokalastus-palkes-1\" loading=\"lazy\" \/>\t\t\t\t\t\t\t\t\t\t\t\t\t\t\t<\/div>\n\t\t\t\t<\/div>\n\t\t\t\t<div class=\"elementor-element elementor-element-269c3aea elementor-widget elementor-widget-heading\" data-id=\"269c3aea\" data-element_type=\"widget\" data-e-type=\"widget\" data-widget_type=\"heading.default\">\n\t\t\t\t<div class=\"elementor-widget-container\">\n\t\t\t\t\t<h2 class=\"elementor-heading-title elementor-size-default\">Kotimaan perhokalastuskurssit<\/h2>\t\t\t\t<\/div>\n\t\t\t\t<\/div>\n\t\t\t\t<div class=\"elementor-element elementor-element-189e1cb1 elementor-widget elementor-widget-text-editor\" data-id=\"189e1cb1\" data-element_type=\"widget\" data-e-type=\"widget\" data-widget_type=\"text-editor.default\">\n\t\t\t\t<div class=\"elementor-widget-container\">\n\t\t\t\t\t\t\t\t\t<p>Aloita uusi harrastus tai syvenn\u00e4 osaamistasi \u00a0\u2013 j\u00e4rjest\u00e4mme intensiivisi\u00e4 joki- ja j\u00e4rvikalastuskursseja Etel\u00e4-Suomessa. alk. 120\u20ac<\/p>\t\t\t\t\t\t\t\t<\/div>\n\t\t\t\t<\/div>\n\t\t\t\t<div class=\"elementor-element elementor-element-50de4d6a elementor-align-center elementor-widget elementor-widget-button\" data-id=\"50de4d6a\" data-element_type=\"widget\" data-e-type=\"widget\" data-widget_type=\"button.default\">\n\t\t\t\t<div class=\"elementor-widget-container\">\n\t\t\t\t\t\t\t\t\t<div class=\"elementor-button-wrapper\">\n\t\t\t\t\t<a class=\"elementor-button elementor-button-link elementor-size-sm\" href=\"https:\/\/palkes.fi\/uusi\/kotimaan-perhokalastuskurssit\/\">\n\t\t\t\t\t\t<span class=\"elementor-button-content-wrapper\">\n\t\t\t\t\t\t\t\t\t<span class=\"elementor-button-text\">katso lis\u00e4\u00e4<\/span>\n\t\t\t\t\t<\/span>\n\t\t\t\t\t<\/a>\n\t\t\t\t<\/div>\n\t\t\t\t\t\t\t\t<\/div>\n\t\t\t\t<\/div>\n\t\t\t\t<\/div>\n\t\t<div class=\"elementor-element elementor-element-4a8772e2 e-con-full e-flex e-con e-child\" data-id=\"4a8772e2\" data-element_type=\"container\" data-e-type=\"container\" data-settings=\"{&quot;background_background&quot;:&quot;classic&quot;}\">\n\t\t\t\t<div class=\"elementor-element elementor-element-6ff7c003 elementor-widget elementor-widget-image\" data-id=\"6ff7c003\" data-element_type=\"widget\" data-e-type=\"widget\" data-widget_type=\"image.default\">\n\t\t\t\t<div class=\"elementor-widget-container\">\n\t\t\t\t\t\t\t\t\t\t\t\t\t\t\t<img decoding=\"async\" src=\"https:\/\/palkes.fi\/uusi\/wp-content\/uploads\/elementor\/thumbs\/maija_kuhmo_kalaperhokalastus-palkes-e1760165249167-rd1ei4eef9qy2tlbd7anuy0o57zrnwfz7bpz675m7s.webp\" title=\"maija_kuhmo_kalaperhokalastus-palkes\" alt=\"maija_kuhmo_kalaperhokalastus-palkes\" loading=\"lazy\" \/>\t\t\t\t\t\t\t\t\t\t\t\t\t\t\t<\/div>\n\t\t\t\t<\/div>\n\t\t\t\t<div class=\"elementor-element elementor-element-3ca9a370 elementor-widget elementor-widget-heading\" data-id=\"3ca9a370\" data-element_type=\"widget\" data-e-type=\"widget\" data-widget_type=\"heading.default\">\n\t\t\t\t<div class=\"elementor-widget-container\">\n\t\t\t\t\t<h2 class=\"elementor-heading-title elementor-size-default\">Kotimaan perhokalastusleirit<\/h2>\t\t\t\t<\/div>\n\t\t\t\t<\/div>\n\t\t\t\t<div class=\"elementor-element elementor-element-7b3b6d38 elementor-widget elementor-widget-text-editor\" data-id=\"7b3b6d38\" data-element_type=\"widget\" data-e-type=\"widget\" data-widget_type=\"text-editor.default\">\n\t\t\t\t<div class=\"elementor-widget-container\">\n\t\t\t\t\t\t\t\t\t<p>Perhokalastusleirit Taivalkoskella, Kuusamossa ja Enonteki\u00f6ll\u00e4 luonnon keskell\u00e4 tarjoavat aikaa harjoitella, rentoutua ja oppia yhdess\u00e4 muiden kalastajien kanssa.<\/p>\t\t\t\t\t\t\t\t<\/div>\n\t\t\t\t<\/div>\n\t\t\t\t<div class=\"elementor-element elementor-element-4ec06414 elementor-align-center elementor-widget elementor-widget-button\" data-id=\"4ec06414\" data-element_type=\"widget\" data-e-type=\"widget\" data-widget_type=\"button.default\">\n\t\t\t\t<div class=\"elementor-widget-container\">\n\t\t\t\t\t\t\t\t\t<div class=\"elementor-button-wrapper\">\n\t\t\t\t\t<a class=\"elementor-button elementor-button-link elementor-size-sm\" href=\"https:\/\/palkes.fi\/uusi\/kotimaan-perhokalastusleirit\/\">\n\t\t\t\t\t\t<span class=\"elementor-button-content-wrapper\">\n\t\t\t\t\t\t\t\t\t<span class=\"elementor-button-text\">katso lis\u00e4\u00e4<\/span>\n\t\t\t\t\t<\/span>\n\t\t\t\t\t<\/a>\n\t\t\t\t<\/div>\n\t\t\t\t\t\t\t\t<\/div>\n\t\t\t\t<\/div>\n\t\t\t\t<\/div>\n\t\t<div class=\"elementor-element elementor-element-27f02d92 e-con-full e-flex e-con e-child\" data-id=\"27f02d92\" data-element_type=\"container\" data-e-type=\"container\" data-settings=\"{&quot;background_background&quot;:&quot;classic&quot;}\">\n\t\t\t\t<div class=\"elementor-element elementor-element-7b675617 elementor-widget elementor-widget-image\" data-id=\"7b675617\" data-element_type=\"widget\" data-e-type=\"widget\" data-widget_type=\"image.default\">\n\t\t\t\t<div class=\"elementor-widget-container\">\n\t\t\t\t\t\t\t\t\t\t\t\t\t\t\t<img decoding=\"async\" src=\"https:\/\/palkes.fi\/uusi\/wp-content\/uploads\/elementor\/thumbs\/kuhmo-taimen-pajakkakoskiperhokalastus-palkes-1-scaled-e1760170291912-rd1i5ronlxyo4qd8n3vm2q2r9z4fpt2lyx04vbymrc.webp\" title=\"kuhmo-taimen-pajakkakoskiperhokalastus-palkes-1\" alt=\"kuhmo-taimen-pajakkakoskiperhokalastus-palkes-1\" loading=\"lazy\" \/>\t\t\t\t\t\t\t\t\t\t\t\t\t\t\t<\/div>\n\t\t\t\t<\/div>\n\t\t\t\t<div class=\"elementor-element elementor-element-41749b52 elementor-widget elementor-widget-heading\" data-id=\"41749b52\" data-element_type=\"widget\" data-e-type=\"widget\" data-widget_type=\"heading.default\">\n\t\t\t\t<div class=\"elementor-widget-container\">\n\t\t\t\t\t<h2 class=\"elementor-heading-title elementor-size-default\">Henkil\u00f6kohtainen perhokalastusopastus<\/h2>\t\t\t\t<\/div>\n\t\t\t\t<\/div>\n\t\t\t\t<div class=\"elementor-element elementor-element-62fe7cf0 elementor-widget elementor-widget-text-editor\" data-id=\"62fe7cf0\" data-element_type=\"widget\" data-e-type=\"widget\" data-widget_type=\"text-editor.default\">\n\t\t\t\t<div class=\"elementor-widget-container\">\n\t\t\t\t\t\t\t\t\t<p>Tarvitsetko henkil\u00f6kohtaisempaa ohjausta? R\u00e4\u00e4t\u00e4l\u00f6imme opastuksen juuri sinulle sopivaksi \u2013 miss\u00e4 ja milloin tahansa. alk. 290\u20ac<\/p>\t\t\t\t\t\t\t\t<\/div>\n\t\t\t\t<\/div>\n\t\t\t\t<div class=\"elementor-element elementor-element-6a3e530b elementor-align-center elementor-widget elementor-widget-button\" data-id=\"6a3e530b\" data-element_type=\"widget\" data-e-type=\"widget\" data-widget_type=\"button.default\">\n\t\t\t\t<div class=\"elementor-widget-container\">\n\t\t\t\t\t\t\t\t\t<div class=\"elementor-button-wrapper\">\n\t\t\t\t\t<a class=\"elementor-button elementor-size-sm\" role=\"button\">\n\t\t\t\t\t\t<span class=\"elementor-button-content-wrapper\">\n\t\t\t\t\t\t\t\t\t<span class=\"elementor-button-text\">Katso lis\u00e4\u00e4<\/span>\n\t\t\t\t\t<\/span>\n\t\t\t\t\t<\/a>\n\t\t\t\t<\/div>\n\t\t\t\t\t\t\t\t<\/div>\n\t\t\t\t<\/div>\n\t\t\t\t<\/div>\n\t\t\t\t<\/div>\n\t\t\t\t<\/div>\n\t\t\t\t<\/div>\n\t\t\t\t\t\t<\/div>\n\t\t\t\t<\/div>\n\t\t\t\t\t<\/div>\n\t\t\t\t<\/div>\n\t\t<div class=\"elementor-element elementor-element-228a4d8 e-flex e-con-boxed e-con e-parent\" data-id=\"228a4d8\" data-element_type=\"container\" data-e-type=\"container\">\n\t\t\t\t\t<div class=\"e-con-inner\">\n\t\t\t\t<div class=\"elementor-element elementor-element-b0b5626 elementor-widget elementor-widget-template\" data-id=\"b0b5626\" data-element_type=\"widget\" data-e-type=\"widget\" data-widget_type=\"template.default\">\n\t\t\t\t<div class=\"elementor-widget-container\">\n\t\t\t\t\t\t\t<div class=\"elementor-template\">\n\t\t\t\t\t<div data-elementor-type=\"container\" data-elementor-id=\"502\" class=\"elementor elementor-502\" data-elementor-post-type=\"elementor_library\">\n\t\t\t\t<div class=\"elementor-element elementor-element-5957844e e-flex e-con-boxed e-con e-parent\" data-id=\"5957844e\" data-element_type=\"container\" data-e-type=\"container\">\n\t\t\t\t\t<div class=\"e-con-inner\">\n\t\t<div class=\"elementor-element elementor-element-25155740 e-con-full e-flex e-con e-child\" data-id=\"25155740\" data-element_type=\"container\" data-e-type=\"container\">\n\t\t\t\t<div class=\"elementor-element elementor-element-6be24ed3 elementor-shape-rounded elementor-grid-0 e-grid-align-center elementor-widget elementor-widget-social-icons\" data-id=\"6be24ed3\" data-element_type=\"widget\" data-e-type=\"widget\" data-widget_type=\"social-icons.default\">\n\t\t\t\t<div class=\"elementor-widget-container\">\n\t\t\t\t\t\t\t<div class=\"elementor-social-icons-wrapper elementor-grid\" role=\"list\">\n\t\t\t\t\t\t\t<span class=\"elementor-grid-item\" role=\"listitem\">\n\t\t\t\t\t<a class=\"elementor-icon elementor-social-icon elementor-social-icon-facebook elementor-repeater-item-da426d7\" href=\"https:\/\/www.facebook.com\/palkes.fi\" target=\"_blank\">\n\t\t\t\t\t\t<span class=\"elementor-screen-only\">Facebook<\/span>\n\t\t\t\t\t\t<svg aria-hidden=\"true\" class=\"e-font-icon-svg e-fab-facebook\" viewBox=\"0 0 512 512\" xmlns=\"http:\/\/www.w3.org\/2000\/svg\"><path d=\"M504 256C504 119 393 8 256 8S8 119 8 256c0 123.78 90.69 226.38 209.25 245V327.69h-63V256h63v-54.64c0-62.15 37-96.48 93.67-96.48 27.14 0 55.52 4.84 55.52 4.84v61h-31.28c-30.8 0-40.41 19.12-40.41 38.73V256h68.78l-11 71.69h-57.78V501C413.31 482.38 504 379.78 504 256z\"><\/path><\/svg>\t\t\t\t\t<\/a>\n\t\t\t\t<\/span>\n\t\t\t\t\t\t\t<span class=\"elementor-grid-item\" role=\"listitem\">\n\t\t\t\t\t<a class=\"elementor-icon elementor-social-icon elementor-social-icon-instagram elementor-repeater-item-3eefb9c\" href=\"https:\/\/www.instagram.com\/palkeswilderness\" target=\"_blank\">\n\t\t\t\t\t\t<span class=\"elementor-screen-only\">Instagram<\/span>\n\t\t\t\t\t\t<svg aria-hidden=\"true\" class=\"e-font-icon-svg e-fab-instagram\" viewBox=\"0 0 448 512\" xmlns=\"http:\/\/www.w3.org\/2000\/svg\"><path d=\"M224.1 141c-63.6 0-114.9 51.3-114.9 114.9s51.3 114.9 114.9 114.9S339 319.5 339 255.9 287.7 141 224.1 141zm0 189.6c-41.1 0-74.7-33.5-74.7-74.7s33.5-74.7 74.7-74.7 74.7 33.5 74.7 74.7-33.6 74.7-74.7 74.7zm146.4-194.3c0 14.9-12 26.8-26.8 26.8-14.9 0-26.8-12-26.8-26.8s12-26.8 26.8-26.8 26.8 12 26.8 26.8zm76.1 27.2c-1.7-35.9-9.9-67.7-36.2-93.9-26.2-26.2-58-34.4-93.9-36.2-37-2.1-147.9-2.1-184.9 0-35.8 1.7-67.6 9.9-93.9 36.1s-34.4 58-36.2 93.9c-2.1 37-2.1 147.9 0 184.9 1.7 35.9 9.9 67.7 36.2 93.9s58 34.4 93.9 36.2c37 2.1 147.9 2.1 184.9 0 35.9-1.7 67.7-9.9 93.9-36.2 26.2-26.2 34.4-58 36.2-93.9 2.1-37 2.1-147.8 0-184.8zM398.8 388c-7.8 19.6-22.9 34.7-42.6 42.6-29.5 11.7-99.5 9-132.1 9s-102.7 2.6-132.1-9c-19.6-7.8-34.7-22.9-42.6-42.6-11.7-29.5-9-99.5-9-132.1s-2.6-102.7 9-132.1c7.8-19.6 22.9-34.7 42.6-42.6 29.5-11.7 99.5-9 132.1-9s102.7-2.6 132.1 9c19.6 7.8 34.7 22.9 42.6 42.6 11.7 29.5 9 99.5 9 132.1s2.7 102.7-9 132.1z\"><\/path><\/svg>\t\t\t\t\t<\/a>\n\t\t\t\t<\/span>\n\t\t\t\t\t<\/div>\n\t\t\t\t\t\t<\/div>\n\t\t\t\t<\/div>\n\t\t\t\t<\/div>\n\t\t\t\t\t<\/div>\n\t\t\t\t<\/div>\n\t\t\t\t<\/div>\n\t\t\t\t<\/div>\n\t\t\t\t\t\t<\/div>\n\t\t\t\t<\/div>\n\t\t\t\t\t<\/div>\n\t\t\t\t<\/div>\n\t\t\t\t<\/div>\n\t\t","protected":false},"excerpt":{"rendered":"<p>PALKES &#8211; PERHOKALASTUSOPASTUSTA Yrityksemme nimi Palkes juontaa juurensa saamenkielisest\u00e4 sanasta p\u00e4\u00e4lgis, joka tarkoittaa polkua. Nimi kiteytt\u00e4\u00e4 ydinajatuksemme: haluamme kulkea asiakkaan rinnalla perhokalastuksen polulla, tarjoten el\u00e4myksi\u00e4, oppia ja hyvinvointia. Palkes perustettiin vuonna 2014, mutta juuremme ulottuvat paljon syvemm\u00e4lle. Meille kalastus ei ole pelkk\u00e4 harrastus tai ty\u00f6 \u2013 se on el\u00e4m\u00e4ntapa, joka yhdist\u00e4\u00e4 meid\u00e4t luontoon ja toisiimme. [&hellip;]<\/p>\n","protected":false},"author":1,"featured_media":0,"parent":0,"menu_order":0,"comment_status":"closed","ping_status":"closed","template":"","meta":{"footnotes":""},"class_list":["post-96","page","type-page","status-publish","hentry"],"_links":{"self":[{"href":"https:\/\/palkes.fi\/uusi\/wp-json\/wp\/v2\/pages\/96","targetHints":{"allow":["GET"]}}],"collection":[{"href":"https:\/\/palkes.fi\/uusi\/wp-json\/wp\/v2\/pages"}],"about":[{"href":"https:\/\/palkes.fi\/uusi\/wp-json\/wp\/v2\/types\/page"}],"author":[{"embeddable":true,"href":"https:\/\/palkes.fi\/uusi\/wp-json\/wp\/v2\/users\/1"}],"replies":[{"embeddable":true,"href":"https:\/\/palkes.fi\/uusi\/wp-json\/wp\/v2\/comments?post=96"}],"version-history":[{"count":161,"href":"https:\/\/palkes.fi\/uusi\/wp-json\/wp\/v2\/pages\/96\/revisions"}],"predecessor-version":[{"id":1575,"href":"https:\/\/palkes.fi\/uusi\/wp-json\/wp\/v2\/pages\/96\/revisions\/1575"}],"wp:attachment":[{"href":"https:\/\/palkes.fi\/uusi\/wp-json\/wp\/v2\/media?parent=96"}],"curies":[{"name":"wp","href":"https:\/\/api.w.org\/{rel}","templated":true}]}}