{"id":546,"date":"2025-07-08T16:53:23","date_gmt":"2025-07-08T16:53:23","guid":{"rendered":"http:\/\/www.uusi.palkes.fi\/?page_id=546"},"modified":"2025-11-03T16:32:20","modified_gmt":"2025-11-03T16:32:20","slug":"lahjakortti-perhokalastusopastukseen","status":"publish","type":"page","link":"https:\/\/palkes.fi\/uusi\/lahjakortti-perhokalastusopastukseen\/","title":{"rendered":"Lahjakortti perhokalastusopastukseen"},"content":{"rendered":"\t\t<div data-elementor-type=\"wp-page\" data-elementor-id=\"546\" class=\"elementor elementor-546\" data-elementor-post-type=\"page\">\n\t\t\t\t<div class=\"elementor-element elementor-element-28b2aa6 e-con-full e-flex e-con e-parent\" data-id=\"28b2aa6\" data-element_type=\"container\" data-e-type=\"container\" data-settings=\"{&quot;background_background&quot;:&quot;classic&quot;}\">\n\t\t\t\t<\/div>\n\t\t<div class=\"elementor-element elementor-element-817cfe7 e-flex e-con-boxed e-con e-parent\" data-id=\"817cfe7\" data-element_type=\"container\" data-e-type=\"container\">\n\t\t\t\t\t<div class=\"e-con-inner\">\n\t\t\t\t<div class=\"elementor-element elementor-element-1d1e723 elementor-widget elementor-widget-heading\" data-id=\"1d1e723\" data-element_type=\"widget\" data-e-type=\"widget\" data-widget_type=\"heading.default\">\n\t\t\t\t<div class=\"elementor-widget-container\">\n\t\t\t\t\t<h2 class=\"elementor-heading-title elementor-size-default\">LAHJAKORTTI PERHOKALASTUSOPASTUKSEEN<\/h2>\t\t\t\t<\/div>\n\t\t\t\t<\/div>\n\t\t\t\t\t<\/div>\n\t\t\t\t<\/div>\n\t\t<div class=\"elementor-element elementor-element-0cb8fcb e-flex e-con-boxed e-con e-parent\" data-id=\"0cb8fcb\" data-element_type=\"container\" data-e-type=\"container\" data-settings=\"{&quot;background_background&quot;:&quot;classic&quot;}\">\n\t\t\t\t\t<div class=\"e-con-inner\">\n\t\t<div class=\"elementor-element elementor-element-afa9b2a e-con-full e-flex e-con e-child\" data-id=\"afa9b2a\" data-element_type=\"container\" data-e-type=\"container\">\n\t\t\t\t<div class=\"elementor-element elementor-element-2b00b26 elementor-widget elementor-widget-heading\" data-id=\"2b00b26\" data-element_type=\"widget\" data-e-type=\"widget\" data-widget_type=\"heading.default\">\n\t\t\t\t<div class=\"elementor-widget-container\">\n\t\t\t\t\t<h2 class=\"elementor-heading-title elementor-size-default\">Perhokalastusopastus lahjaksi<\/h2>\t\t\t\t<\/div>\n\t\t\t\t<\/div>\n\t\t\t\t<div class=\"elementor-element elementor-element-fb365a2 elementor-widget elementor-widget-text-editor\" data-id=\"fb365a2\" data-element_type=\"widget\" data-e-type=\"widget\" data-widget_type=\"text-editor.default\">\n\t\t\t\t<div class=\"elementor-widget-container\">\n\t\t\t\t\t\t\t\t\t<p style=\"font-weight: 400;\">Anna lahjaksi el\u00e4mys, joka j\u00e4\u00e4 mieleen \u2013 ja kantaa kauas.<\/p><p style=\"font-weight: 400;\">Palkesin lahjakortti perhokalastusopastukseen tarjoaa lahjansaajalle mahdollisuuden kokea luonnon rauha, uuden oppiminen ja kalastuksen ilo asiantuntevan oppaan seurassa.<\/p><p style=\"font-weight: 400;\">Lahjakortti sopii erinomaisesti<\/p><ul><li style=\"font-weight: 400;\">Perhokalastuskurssille osallistumiseen (aloittelijoille ja kokeneille)<\/li><li style=\"font-weight: 400;\">Perhokalastusleirille kotimaan tai ulkomaan maisemiin<\/li><li style=\"font-weight: 400;\">Yksityisopastukseen, jossa kokemus ja opastus r\u00e4\u00e4t\u00e4l\u00f6id\u00e4\u00e4n t\u00e4ysin osallistujan toiveiden mukaan<\/li><\/ul><p>\u00a0<\/p><p style=\"font-weight: 400;\">Voit valita joko<\/p><ul><li style=\"font-weight: 400;\">Tapahtumakohtaisen lahjakortin (kurssi, leiri tai opastus)<\/li><li style=\"font-weight: 400;\">Arvolahjakortin, joka kattaa valitsemasi summan (esim. 50 \u20ac, 100 \u20ac tai 200 \u20ac) ja jonka saaja voi hy\u00f6dynt\u00e4\u00e4 haluamallaan tavalla palveluihimme<\/li><\/ul><p>\u00a0<\/p><p style=\"font-weight: 400;\">Miten lahjakortti lunastetaan?<\/p><p style=\"font-weight: 400;\">Lahjansaaja voi ottaa meihin yhteytt\u00e4 ja sopia itse opastuksen sis\u00e4ll\u00f6st\u00e4, ajankohdasta ja paikasta. Lahjakortit ovat voimassa 12 kuukautta ostop\u00e4iv\u00e4st\u00e4, ja k\u00e4ytett\u00e4viss\u00e4 toimintakauden mukaan.<\/p><p style=\"font-weight: 400;\">Perhokalastuslahjakortti on enemm\u00e4n kuin lahja \u2013 se on hetki virran \u00e4\u00e4rell\u00e4, taitoa, rauhaa ja oivallusta. T\u00e4ydellinen valinta, kun haluat antaa jotain ainutlaatuista.<\/p>\t\t\t\t\t\t\t\t<\/div>\n\t\t\t\t<\/div>\n\t\t\t\t<div class=\"elementor-element elementor-element-b13fe7d elementor-align-center elementor-widget elementor-widget-button\" data-id=\"b13fe7d\" data-element_type=\"widget\" data-e-type=\"widget\" data-widget_type=\"button.default\">\n\t\t\t\t<div class=\"elementor-widget-container\">\n\t\t\t\t\t\t\t\t\t<div class=\"elementor-button-wrapper\">\n\t\t\t\t\t<a class=\"elementor-button elementor-button-link elementor-size-sm\" href=\"#elementor-action%3Aaction%3Dpopup%3Aopen%26settings%3DeyJpZCI6IjQxNyIsInRvZ2dsZSI6ZmFsc2V9\">\n\t\t\t\t\t\t<span class=\"elementor-button-content-wrapper\">\n\t\t\t\t\t\t\t\t\t<span class=\"elementor-button-text\">Osta lahjakortti<\/span>\n\t\t\t\t\t<\/span>\n\t\t\t\t\t<\/a>\n\t\t\t\t<\/div>\n\t\t\t\t\t\t\t\t<\/div>\n\t\t\t\t<\/div>\n\t\t\t\t<\/div>\n\t\t<div class=\"elementor-element elementor-element-ba2a27e e-con-full e-flex e-con e-child\" data-id=\"ba2a27e\" data-element_type=\"container\" data-e-type=\"container\">\n\t\t\t\t<div class=\"elementor-element elementor-element-afce5a5 elementor-invisible elementor-widget elementor-widget-image\" data-id=\"afce5a5\" data-element_type=\"widget\" data-e-type=\"widget\" data-settings=\"{&quot;_animation&quot;:&quot;fadeIn&quot;,&quot;_animation_delay&quot;:600}\" data-widget_type=\"image.default\">\n\t\t\t\t<div class=\"elementor-widget-container\">\n\t\t\t\t\t\t\t\t\t\t\t\t\t\t\t<img fetchpriority=\"high\" decoding=\"async\" width=\"524\" height=\"1024\" src=\"https:\/\/palkes.fi\/uusi\/wp-content\/uploads\/2025\/06\/vapa-mutkalla-pajakka-perhokalastus-palkes-scaled-e1760170830136-524x1024.webp\" class=\"attachment-large size-large wp-image-302\" alt=\"\" srcset=\"https:\/\/palkes.fi\/uusi\/wp-content\/uploads\/2025\/06\/vapa-mutkalla-pajakka-perhokalastus-palkes-scaled-e1760170830136-524x1024.webp 524w, https:\/\/palkes.fi\/uusi\/wp-content\/uploads\/2025\/06\/vapa-mutkalla-pajakka-perhokalastus-palkes-scaled-e1760170830136-154x300.webp 154w, https:\/\/palkes.fi\/uusi\/wp-content\/uploads\/2025\/06\/vapa-mutkalla-pajakka-perhokalastus-palkes-scaled-e1760170830136-768x1500.webp 768w, https:\/\/palkes.fi\/uusi\/wp-content\/uploads\/2025\/06\/vapa-mutkalla-pajakka-perhokalastus-palkes-scaled-e1760170830136-786x1536.webp 786w, https:\/\/palkes.fi\/uusi\/wp-content\/uploads\/2025\/06\/vapa-mutkalla-pajakka-perhokalastus-palkes-scaled-e1760170830136-1049x2048.webp 1049w, https:\/\/palkes.fi\/uusi\/wp-content\/uploads\/2025\/06\/vapa-mutkalla-pajakka-perhokalastus-palkes-scaled-e1760170830136-6x12.webp 6w, https:\/\/palkes.fi\/uusi\/wp-content\/uploads\/2025\/06\/vapa-mutkalla-pajakka-perhokalastus-palkes-scaled-e1760170830136.webp 1152w\" sizes=\"(max-width: 524px) 100vw, 524px\" \/>\t\t\t\t\t\t\t\t\t\t\t\t\t\t\t<\/div>\n\t\t\t\t<\/div>\n\t\t\t\t<\/div>\n\t\t\t\t\t<\/div>\n\t\t\t\t<\/div>\n\t\t<div class=\"elementor-element elementor-element-a4c8178 e-flex e-con-boxed e-con e-parent\" data-id=\"a4c8178\" data-element_type=\"container\" data-e-type=\"container\">\n\t\t\t\t\t<div class=\"e-con-inner\">\n\t\t\t\t<div class=\"elementor-element elementor-element-cc83853 elementor-widget elementor-widget-template\" data-id=\"cc83853\" data-element_type=\"widget\" data-e-type=\"widget\" data-widget_type=\"template.default\">\n\t\t\t\t<div class=\"elementor-widget-container\">\n\t\t\t\t\t\t\t<div class=\"elementor-template\">\n\t\t\t\t\t<div data-elementor-type=\"popup\" data-elementor-id=\"405\" class=\"elementor elementor-405\" data-elementor-settings=\"{&quot;entrance_animation&quot;:&quot;fadeIn&quot;,&quot;exit_animation&quot;:&quot;fadeIn&quot;,&quot;entrance_animation_duration&quot;:{&quot;unit&quot;:&quot;px&quot;,&quot;size&quot;:1.2,&quot;sizes&quot;:[]},&quot;a11y_navigation&quot;:&quot;yes&quot;,&quot;timing&quot;:[]}\" data-elementor-post-type=\"elementor_library\">\n\t\t\t<div class=\"elementor-element elementor-element-18e06e34 e-flex e-con-boxed e-con e-parent\" data-id=\"18e06e34\" data-element_type=\"container\" data-e-type=\"container\">\n\t\t\t\t\t<div class=\"e-con-inner\">\n\t\t\t\t<div class=\"elementor-element elementor-element-63ac4bc5 elementor-widget elementor-widget-heading\" data-id=\"63ac4bc5\" data-element_type=\"widget\" data-e-type=\"widget\" data-widget_type=\"heading.default\">\n\t\t\t\t<div class=\"elementor-widget-container\">\n\t\t\t\t\t<h3 class=\"elementor-heading-title elementor-size-default\">Ota yhteytt\u00e4<\/h3>\t\t\t\t<\/div>\n\t\t\t\t<\/div>\n\t\t\t\t<div class=\"elementor-element elementor-element-419e300a elementor-widget elementor-widget-text-editor\" data-id=\"419e300a\" data-element_type=\"widget\" data-e-type=\"widget\" data-widget_type=\"text-editor.default\">\n\t\t\t\t<div class=\"elementor-widget-container\">\n\t\t\t\t\t\t\t\t\t<p>T\u00e4yt\u00e4 t\u00e4m\u00e4 lomake, niin olemme yhteydess\u00e4 sinuun mahdollisimman pian.<\/p>\t\t\t\t\t\t\t\t<\/div>\n\t\t\t\t<\/div>\n\t\t\t\t<div class=\"elementor-element elementor-element-27ef3c5 elementor-button-align-end elementor-widget elementor-widget-form\" data-id=\"27ef3c5\" data-element_type=\"widget\" data-e-type=\"widget\" data-settings=\"{&quot;step_next_label&quot;:&quot;Seuraava \\u27f6&quot;,&quot;step_previous_label&quot;:&quot;\\u27f5 Takaisin&quot;,&quot;button_width&quot;:&quot;100&quot;,&quot;step_type&quot;:&quot;number_text&quot;,&quot;step_icon_shape&quot;:&quot;circle&quot;}\" data-widget_type=\"form.default\">\n\t\t\t\t<div class=\"elementor-widget-container\">\n\t\t\t\t\t\t\t<form class=\"elementor-form\" method=\"post\" name=\"Yhteydenottolomake\" aria-label=\"Yhteydenottolomake\">\n\t\t\t<input type=\"hidden\" name=\"post_id\" value=\"405\"\/>\n\t\t\t<input type=\"hidden\" name=\"form_id\" value=\"27ef3c5\"\/>\n\t\t\t<input type=\"hidden\" name=\"referer_title\" value=\"\" \/>\n\n\t\t\t\t\t\t\t<input type=\"hidden\" name=\"queried_id\" value=\"124\"\/>\n\t\t\t\n\t\t\t<div class=\"elementor-form-fields-wrapper elementor-labels-\">\n\t\t\t\t\t\t\t\t<div class=\"elementor-field-type-step elementor-field-group elementor-column elementor-field-group-field_b0bc225 elementor-col-100\">\n\t\t\t\t\t\t\t<div class=\"e-field-step elementor-hidden\" data-label=\"\" data-previousButton=\"\" data-nextButton=\"\" data-iconUrl=\"\" data-iconLibrary=\"fas fa-star\" data-icon=\"&lt;svg class=&quot;e-font-icon-svg e-fas-star&quot; viewBox=&quot;0 0 576 512&quot; xmlns=&quot;http:\/\/www.w3.org\/2000\/svg&quot;&gt;&lt;path d=&quot;M259.3 17.8L194 150.2 47.9 171.5c-26.2 3.8-36.7 36.1-17.7 54.6l105.7 103-25 145.5c-4.5 26.3 23.2 46 46.4 33.7L288 439.6l130.7 68.7c23.2 12.2 50.9-7.4 46.4-33.7l-25-145.5 105.7-103c19-18.5 8.5-50.8-17.7-54.6L382 150.2 316.7 17.8c-11.7-23.6-45.6-23.9-57.4 0z&quot;&gt;&lt;\/path&gt;&lt;\/svg&gt;\" ><\/div>\n\n\t\t\t\t\t\t<\/div>\n\t\t\t\t\t\t\t\t<div class=\"elementor-field-type-html elementor-field-group elementor-column elementor-field-group-name elementor-col-100\">\n\t\t\t\t\tYhteystietosi\t\t\t\t<\/div>\n\t\t\t\t\t\t\t\t<div class=\"elementor-field-type-text elementor-field-group elementor-column elementor-field-group-field_6b514f4 elementor-col-100 elementor-field-required\">\n\t\t\t\t\t\t\t\t\t\t\t\t<label for=\"form-field-field_6b514f4\" class=\"elementor-field-label elementor-screen-only\">\n\t\t\t\t\t\t\t\tNimi\t\t\t\t\t\t\t<\/label>\n\t\t\t\t\t\t\t\t\t\t\t\t\t\t<input size=\"1\" type=\"text\" name=\"form_fields[field_6b514f4]\" id=\"form-field-field_6b514f4\" class=\"elementor-field elementor-size-lg  elementor-field-textual\" placeholder=\"Nimi*\" required=\"required\">\n\t\t\t\t\t\t\t\t\t\t\t<\/div>\n\t\t\t\t\t\t\t\t<div class=\"elementor-field-type-tel elementor-field-group elementor-column elementor-field-group-email elementor-col-100 elementor-field-required\">\n\t\t\t\t\t\t\t\t\t\t\t\t<label for=\"form-field-email\" class=\"elementor-field-label elementor-screen-only\">\n\t\t\t\t\t\t\t\tPuhelinnumero\t\t\t\t\t\t\t<\/label>\n\t\t\t\t\t\t\t\t<input size=\"1\" type=\"tel\" name=\"form_fields[email]\" id=\"form-field-email\" class=\"elementor-field elementor-size-lg  elementor-field-textual\" placeholder=\"Puhelinnumero*\" required=\"required\" pattern=\"[0-9()#&amp;+*-=.]+\" title=\"Only numbers and phone characters (#, -, *, etc) are accepted.\">\n\n\t\t\t\t\t\t<\/div>\n\t\t\t\t\t\t\t\t<div class=\"elementor-field-type-email elementor-field-group elementor-column elementor-field-group-message elementor-col-100 elementor-field-required\">\n\t\t\t\t\t\t\t\t\t\t\t\t<label for=\"form-field-message\" class=\"elementor-field-label elementor-screen-only\">\n\t\t\t\t\t\t\t\temail\t\t\t\t\t\t\t<\/label>\n\t\t\t\t\t\t\t\t\t\t\t\t\t\t<input size=\"1\" type=\"email\" name=\"form_fields[message]\" id=\"form-field-message\" class=\"elementor-field elementor-size-lg  elementor-field-textual\" placeholder=\"email*\" required=\"required\">\n\t\t\t\t\t\t\t\t\t\t\t<\/div>\n\t\t\t\t\t\t\t\t<div class=\"elementor-field-type-step elementor-field-group elementor-column elementor-field-group-field_b6db177 elementor-col-100\">\n\t\t\t\t\t\t\t<div class=\"e-field-step elementor-hidden\" data-label=\"\" data-previousButton=\"\" data-nextButton=\"\" data-iconUrl=\"\" data-iconLibrary=\"fas fa-star\" data-icon=\"&lt;svg class=&quot;e-font-icon-svg e-fas-star&quot; viewBox=&quot;0 0 576 512&quot; xmlns=&quot;http:\/\/www.w3.org\/2000\/svg&quot;&gt;&lt;path d=&quot;M259.3 17.8L194 150.2 47.9 171.5c-26.2 3.8-36.7 36.1-17.7 54.6l105.7 103-25 145.5c-4.5 26.3 23.2 46 46.4 33.7L288 439.6l130.7 68.7c23.2 12.2 50.9-7.4 46.4-33.7l-25-145.5 105.7-103c19-18.5 8.5-50.8-17.7-54.6L382 150.2 316.7 17.8c-11.7-23.6-45.6-23.9-57.4 0z&quot;&gt;&lt;\/path&gt;&lt;\/svg&gt;\" ><\/div>\n\n\t\t\t\t\t\t<\/div>\n\t\t\t\t\t\t\t\t<div class=\"elementor-field-type-html elementor-field-group elementor-column elementor-field-group-field_9621cc6 elementor-col-100\">\n\t\t\t\t\tOlen kiinnostunut\t\t\t\t<\/div>\n\t\t\t\t\t\t\t\t<div class=\"elementor-field-type-checkbox elementor-field-group elementor-column elementor-field-group-field_f86437d elementor-col-100\">\n\t\t\t\t\t<div class=\"elementor-field-subgroup  elementor-subgroup-inline\"><span class=\"elementor-field-option\"><input type=\"checkbox\" value=\"Kotimaan perhokalastuskurssit\" id=\"form-field-field_f86437d-0\" name=\"form_fields[field_f86437d][]\"> <label for=\"form-field-field_f86437d-0\">Kotimaan perhokalastuskurssit<\/label><\/span><span class=\"elementor-field-option\"><input type=\"checkbox\" value=\"Kotimaan perhokalastusleirit\" id=\"form-field-field_f86437d-1\" name=\"form_fields[field_f86437d][]\"> <label for=\"form-field-field_f86437d-1\">Kotimaan perhokalastusleirit<\/label><\/span><span class=\"elementor-field-option\"><input type=\"checkbox\" value=\"Ulkomaan perhokalastusleirit\" id=\"form-field-field_f86437d-2\" name=\"form_fields[field_f86437d][]\"> <label for=\"form-field-field_f86437d-2\">Ulkomaan perhokalastusleirit<\/label><\/span><span class=\"elementor-field-option\"><input type=\"checkbox\" value=\"Henkil\u00f6kohtainen perhokalastusopastus\" id=\"form-field-field_f86437d-3\" name=\"form_fields[field_f86437d][]\"> <label for=\"form-field-field_f86437d-3\">Henkil\u00f6kohtainen perhokalastusopastus<\/label><\/span><span class=\"elementor-field-option\"><input type=\"checkbox\" value=\"Lahjakortti\" id=\"form-field-field_f86437d-4\" name=\"form_fields[field_f86437d][]\"> <label for=\"form-field-field_f86437d-4\">Lahjakortti<\/label><\/span><span class=\"elementor-field-option\"><input type=\"checkbox\" value=\"Muu\" id=\"form-field-field_f86437d-5\" name=\"form_fields[field_f86437d][]\"> <label for=\"form-field-field_f86437d-5\">Muu<\/label><\/span><\/div>\t\t\t\t<\/div>\n\t\t\t\t\t\t\t\t<div class=\"elementor-field-type-step elementor-field-group elementor-column elementor-field-group-field_54ac5e5 elementor-col-100\">\n\t\t\t\t\t\t\t<div class=\"e-field-step elementor-hidden\" data-label=\"\" data-previousButton=\"\" data-nextButton=\"\" data-iconUrl=\"\" data-iconLibrary=\"fas fa-star\" data-icon=\"&lt;svg class=&quot;e-font-icon-svg e-fas-star&quot; viewBox=&quot;0 0 576 512&quot; xmlns=&quot;http:\/\/www.w3.org\/2000\/svg&quot;&gt;&lt;path d=&quot;M259.3 17.8L194 150.2 47.9 171.5c-26.2 3.8-36.7 36.1-17.7 54.6l105.7 103-25 145.5c-4.5 26.3 23.2 46 46.4 33.7L288 439.6l130.7 68.7c23.2 12.2 50.9-7.4 46.4-33.7l-25-145.5 105.7-103c19-18.5 8.5-50.8-17.7-54.6L382 150.2 316.7 17.8c-11.7-23.6-45.6-23.9-57.4 0z&quot;&gt;&lt;\/path&gt;&lt;\/svg&gt;\" ><\/div>\n\n\t\t\t\t\t\t<\/div>\n\t\t\t\t\t\t\t\t<div class=\"elementor-field-type-html elementor-field-group elementor-column elementor-field-group-field_093b844 elementor-col-100\">\n\t\t\t\t\tHaluatko laittaa viel\u00e4 viestin meille?\t\t\t\t<\/div>\n\t\t\t\t\t\t\t\t<div class=\"elementor-field-type-textarea elementor-field-group elementor-column elementor-field-group-field_8849848 elementor-col-100\">\n\t\t\t\t\t<textarea class=\"elementor-field-textual elementor-field  elementor-size-lg\" name=\"form_fields[field_8849848]\" id=\"form-field-field_8849848\" rows=\"5\" placeholder=\"Kirjoita viestisi t\u00e4h\u00e4n\"><\/textarea>\t\t\t\t<\/div>\n\t\t\t\t\t\t\t\t<div class=\"elementor-field-type-step elementor-field-group elementor-column elementor-field-group-field_2c6b55c elementor-col-100\">\n\t\t\t\t\t\t\t<div class=\"e-field-step elementor-hidden\" data-label=\"\" data-previousButton=\"\" data-nextButton=\"\" data-iconUrl=\"\" data-iconLibrary=\"fas fa-star\" data-icon=\"&lt;svg class=&quot;e-font-icon-svg e-fas-star&quot; viewBox=&quot;0 0 576 512&quot; xmlns=&quot;http:\/\/www.w3.org\/2000\/svg&quot;&gt;&lt;path d=&quot;M259.3 17.8L194 150.2 47.9 171.5c-26.2 3.8-36.7 36.1-17.7 54.6l105.7 103-25 145.5c-4.5 26.3 23.2 46 46.4 33.7L288 439.6l130.7 68.7c23.2 12.2 50.9-7.4 46.4-33.7l-25-145.5 105.7-103c19-18.5 8.5-50.8-17.7-54.6L382 150.2 316.7 17.8c-11.7-23.6-45.6-23.9-57.4 0z&quot;&gt;&lt;\/path&gt;&lt;\/svg&gt;\" ><\/div>\n\n\t\t\t\t\t\t<\/div>\n\t\t\t\t\t\t\t\t<div class=\"elementor-field-type-html elementor-field-group elementor-column elementor-field-group-field_7a359f6 elementor-col-100\">\n\t\t\t\t\tVarmistus viel\u00e4, ett\u00e4 et ole robotti\t\t\t\t<\/div>\n\t\t\t\t\t\t\t\t<div class=\"elementor-field-type-recaptcha_v3 elementor-field-group elementor-column elementor-field-group-field_70f9647 elementor-col-100 recaptcha_v3-bottomright\">\n\t\t\t\t\t<div class=\"elementor-field\" id=\"form-field-field_70f9647\"><div class=\"elementor-g-recaptcha\" data-sitekey=\"6Lf5Tv4rAAAAADGu5HkImpiP6ZlHIgO0Zea_AVxG\" data-type=\"v3\" data-action=\"Form\" data-badge=\"bottomright\" data-size=\"invisible\"><\/div><\/div>\t\t\t\t<\/div>\n\t\t\t\t\t\t\t\t<div class=\"elementor-field-group elementor-column elementor-field-type-submit elementor-col-100 e-form__buttons\">\n\t\t\t\t\t<button class=\"elementor-button elementor-size-sm\" type=\"submit\">\n\t\t\t\t\t\t<span class=\"elementor-button-content-wrapper\">\n\t\t\t\t\t\t\t\t\t\t\t\t\t\t\t\t\t\t\t\t\t\t<span class=\"elementor-button-text\">L\u00e4het\u00e4 \u27f6<\/span>\n\t\t\t\t\t\t\t\t\t\t\t\t\t<\/span>\n\t\t\t\t\t<\/button>\n\t\t\t\t<\/div>\n\t\t\t<\/div>\n\t\t<\/form>\n\t\t\t\t\t\t<\/div>\n\t\t\t\t<\/div>\n\t\t\t\t\t<\/div>\n\t\t\t\t<\/div>\n\t\t\t\t<\/div>\n\t\t\t\t<\/div>\n\t\t\t\t\t\t<\/div>\n\t\t\t\t<\/div>\n\t\t\t\t<div class=\"elementor-element elementor-element-bc0608e elementor-widget elementor-widget-template\" data-id=\"bc0608e\" data-element_type=\"widget\" data-e-type=\"widget\" data-widget_type=\"template.default\">\n\t\t\t\t<div class=\"elementor-widget-container\">\n\t\t\t\t\t\t\t<div class=\"elementor-template\">\n\t\t\t\t\t<div data-elementor-type=\"container\" data-elementor-id=\"502\" class=\"elementor elementor-502\" data-elementor-post-type=\"elementor_library\">\n\t\t\t\t<div class=\"elementor-element elementor-element-5957844e e-flex e-con-boxed e-con e-parent\" data-id=\"5957844e\" data-element_type=\"container\" data-e-type=\"container\">\n\t\t\t\t\t<div class=\"e-con-inner\">\n\t\t<div class=\"elementor-element elementor-element-25155740 e-con-full e-flex e-con e-child\" data-id=\"25155740\" data-element_type=\"container\" data-e-type=\"container\">\n\t\t\t\t<div class=\"elementor-element elementor-element-6be24ed3 elementor-shape-rounded elementor-grid-0 e-grid-align-center elementor-widget elementor-widget-social-icons\" data-id=\"6be24ed3\" data-element_type=\"widget\" data-e-type=\"widget\" data-widget_type=\"social-icons.default\">\n\t\t\t\t<div class=\"elementor-widget-container\">\n\t\t\t\t\t\t\t<div class=\"elementor-social-icons-wrapper elementor-grid\" role=\"list\">\n\t\t\t\t\t\t\t<span class=\"elementor-grid-item\" role=\"listitem\">\n\t\t\t\t\t<a class=\"elementor-icon elementor-social-icon elementor-social-icon-facebook elementor-repeater-item-da426d7\" href=\"https:\/\/www.facebook.com\/palkes.fi\" target=\"_blank\">\n\t\t\t\t\t\t<span class=\"elementor-screen-only\">Facebook<\/span>\n\t\t\t\t\t\t<svg aria-hidden=\"true\" class=\"e-font-icon-svg e-fab-facebook\" viewBox=\"0 0 512 512\" xmlns=\"http:\/\/www.w3.org\/2000\/svg\"><path d=\"M504 256C504 119 393 8 256 8S8 119 8 256c0 123.78 90.69 226.38 209.25 245V327.69h-63V256h63v-54.64c0-62.15 37-96.48 93.67-96.48 27.14 0 55.52 4.84 55.52 4.84v61h-31.28c-30.8 0-40.41 19.12-40.41 38.73V256h68.78l-11 71.69h-57.78V501C413.31 482.38 504 379.78 504 256z\"><\/path><\/svg>\t\t\t\t\t<\/a>\n\t\t\t\t<\/span>\n\t\t\t\t\t\t\t<span class=\"elementor-grid-item\" role=\"listitem\">\n\t\t\t\t\t<a class=\"elementor-icon elementor-social-icon elementor-social-icon-instagram elementor-repeater-item-3eefb9c\" href=\"https:\/\/www.instagram.com\/palkeswilderness\" target=\"_blank\">\n\t\t\t\t\t\t<span class=\"elementor-screen-only\">Instagram<\/span>\n\t\t\t\t\t\t<svg aria-hidden=\"true\" class=\"e-font-icon-svg e-fab-instagram\" viewBox=\"0 0 448 512\" xmlns=\"http:\/\/www.w3.org\/2000\/svg\"><path d=\"M224.1 141c-63.6 0-114.9 51.3-114.9 114.9s51.3 114.9 114.9 114.9S339 319.5 339 255.9 287.7 141 224.1 141zm0 189.6c-41.1 0-74.7-33.5-74.7-74.7s33.5-74.7 74.7-74.7 74.7 33.5 74.7 74.7-33.6 74.7-74.7 74.7zm146.4-194.3c0 14.9-12 26.8-26.8 26.8-14.9 0-26.8-12-26.8-26.8s12-26.8 26.8-26.8 26.8 12 26.8 26.8zm76.1 27.2c-1.7-35.9-9.9-67.7-36.2-93.9-26.2-26.2-58-34.4-93.9-36.2-37-2.1-147.9-2.1-184.9 0-35.8 1.7-67.6 9.9-93.9 36.1s-34.4 58-36.2 93.9c-2.1 37-2.1 147.9 0 184.9 1.7 35.9 9.9 67.7 36.2 93.9s58 34.4 93.9 36.2c37 2.1 147.9 2.1 184.9 0 35.9-1.7 67.7-9.9 93.9-36.2 26.2-26.2 34.4-58 36.2-93.9 2.1-37 2.1-147.8 0-184.8zM398.8 388c-7.8 19.6-22.9 34.7-42.6 42.6-29.5 11.7-99.5 9-132.1 9s-102.7 2.6-132.1-9c-19.6-7.8-34.7-22.9-42.6-42.6-11.7-29.5-9-99.5-9-132.1s-2.6-102.7 9-132.1c7.8-19.6 22.9-34.7 42.6-42.6 29.5-11.7 99.5-9 132.1-9s102.7-2.6 132.1 9c19.6 7.8 34.7 22.9 42.6 42.6 11.7 29.5 9 99.5 9 132.1s2.7 102.7-9 132.1z\"><\/path><\/svg>\t\t\t\t\t<\/a>\n\t\t\t\t<\/span>\n\t\t\t\t\t<\/div>\n\t\t\t\t\t\t<\/div>\n\t\t\t\t<\/div>\n\t\t\t\t<\/div>\n\t\t\t\t\t<\/div>\n\t\t\t\t<\/div>\n\t\t\t\t<\/div>\n\t\t\t\t<\/div>\n\t\t\t\t\t\t<\/div>\n\t\t\t\t<\/div>\n\t\t\t\t\t<\/div>\n\t\t\t\t<\/div>\n\t\t\t\t<\/div>\n\t\t","protected":false},"excerpt":{"rendered":"<p>LAHJAKORTTI PERHOKALASTUSOPASTUKSEEN Perhokalastusopastus lahjaksi Anna lahjaksi el\u00e4mys, joka j\u00e4\u00e4 mieleen \u2013 ja kantaa kauas. Palkesin lahjakortti perhokalastusopastukseen tarjoaa lahjansaajalle mahdollisuuden kokea luonnon rauha, uuden oppiminen ja kalastuksen ilo asiantuntevan oppaan seurassa. Lahjakortti sopii erinomaisesti Perhokalastuskurssille osallistumiseen (aloittelijoille ja kokeneille) Perhokalastusleirille kotimaan tai ulkomaan maisemiin Yksityisopastukseen, jossa kokemus ja opastus r\u00e4\u00e4t\u00e4l\u00f6id\u00e4\u00e4n t\u00e4ysin osallistujan toiveiden mukaan \u00a0 [&hellip;]<\/p>\n","protected":false},"author":1,"featured_media":0,"parent":0,"menu_order":0,"comment_status":"closed","ping_status":"closed","template":"","meta":{"footnotes":""},"class_list":["post-546","page","type-page","status-publish","hentry"],"_links":{"self":[{"href":"https:\/\/palkes.fi\/uusi\/wp-json\/wp\/v2\/pages\/546","targetHints":{"allow":["GET"]}}],"collection":[{"href":"https:\/\/palkes.fi\/uusi\/wp-json\/wp\/v2\/pages"}],"about":[{"href":"https:\/\/palkes.fi\/uusi\/wp-json\/wp\/v2\/types\/page"}],"author":[{"embeddable":true,"href":"https:\/\/palkes.fi\/uusi\/wp-json\/wp\/v2\/users\/1"}],"replies":[{"embeddable":true,"href":"https:\/\/palkes.fi\/uusi\/wp-json\/wp\/v2\/comments?post=546"}],"version-history":[{"count":40,"href":"https:\/\/palkes.fi\/uusi\/wp-json\/wp\/v2\/pages\/546\/revisions"}],"predecessor-version":[{"id":1586,"href":"https:\/\/palkes.fi\/uusi\/wp-json\/wp\/v2\/pages\/546\/revisions\/1586"}],"wp:attachment":[{"href":"https:\/\/palkes.fi\/uusi\/wp-json\/wp\/v2\/media?parent=546"}],"curies":[{"name":"wp","href":"https:\/\/api.w.org\/{rel}","templated":true}]}}